{"id":149,"date":"2025-05-05T11:21:41","date_gmt":"2025-05-05T09:21:41","guid":{"rendered":"https:\/\/france.dev-xefi.manitoba-preprod.fr\/?page_id=149"},"modified":"2025-08-08T11:23:58","modified_gmt":"2025-08-08T09:23:58","slug":"trouver-votre-agence-xefi","status":"publish","type":"page","link":"https:\/\/espagne.dev-xefi.manitoba-preprod.fr\/fr\/trouver-votre-agence-xefi\/","title":{"rendered":"Trouver votre agence XEFI"},"content":{"rendered":"\n<div class=\"wp-block-group alignfull is-layout-constrained wp-container-core-group-is-layout-a47e864c wp-block-group-is-layout-constrained\" style=\"padding-top:var(--wp--preset--spacing--80);padding-right:var(--wp--preset--spacing--50);padding-bottom:var(--wp--preset--spacing--80);padding-left:var(--wp--preset--spacing--50)\">\n<h2 class=\"wp-block-heading has-text-align-center\">votre <mark class=\"has-inline-color has-primary-color\">agence xefi<\/mark> de proximit\u00e9<\/h2>\n\n\n\n<p class=\"has-text-align-center has-custom-medium-font-size\" style=\"margin-bottom:var(--wp--preset--spacing--80)\"><strong>Trouvez rapidement l\u2019agence XEFI la plus proche de vous en cliquant sur le bouton de localisation ou en entrant votre code postal ou votre ville !<\/strong><\/p>\n\n\n    <script>\n        window.__ACTIVE_STORE__ = null;\n        window.__DEFAULT_STORES_LIST__ = [{\"id\":12099,\"name\":\"XEFI Barcelona Ciutadella\",\"distance\":\"\",\"currentHours\":[],\"isOpen\":false,\"street\":\"Carrer de Salvador Espriu 45\",\"postalcode\":\"08005\",\"city\":\"Barcelona\",\"phones\":[\"+34 934 457 000\",\"934 457 000\"],\"url\":\"https:\\\/\\\/espagne.dev-xefi.manitoba-preprod.fr\\\/fr\\\/agence\\\/xefi-barcelona-ciutadella\\\/\",\"latLng\":{\"lat\":41.3897068,\"lng\":2.197623}},{\"id\":12102,\"name\":\"XEFI Leganes\",\"distance\":\"\",\"currentHours\":[],\"isOpen\":false,\"street\":\"C. Qu\\u00edmicas 2\",\"postalcode\":\"28923\",\"city\":\"Alcorc\\u00f3n\",\"phones\":[\"+34 910 867 603\",\"910 867 603\"],\"url\":\"https:\\\/\\\/espagne.dev-xefi.manitoba-preprod.fr\\\/fr\\\/agence\\\/xefi-leganes\\\/\",\"latLng\":{\"lat\":40.3368188,\"lng\":-3.8175047}},{\"id\":12105,\"name\":\"XEFI Madrid Simancas\",\"distance\":\"\",\"currentHours\":[],\"isOpen\":false,\"street\":\"Calle de Albasanz 36\",\"postalcode\":\"28037\",\"city\":\"Madrid\",\"phones\":[\"+34 910 382 013\",\"910 382 013\"],\"url\":\"https:\\\/\\\/espagne.dev-xefi.manitoba-preprod.fr\\\/fr\\\/agence\\\/xefi-madrid-simancas\\\/\",\"latLng\":{\"lat\":40.4372162,\"lng\":-3.6273369}},{\"id\":12114,\"name\":\"XEFI Madrid Vallecas\",\"distance\":\"\",\"currentHours\":[],\"isOpen\":false,\"street\":\"Calle de Puentelarra 64\",\"postalcode\":\"28031\",\"city\":\"Madrid\",\"phones\":[\"+34 913 329 287\",\"913 329 287\"],\"url\":\"https:\\\/\\\/espagne.dev-xefi.manitoba-preprod.fr\\\/fr\\\/agence\\\/xefi-vallecas\\\/\",\"latLng\":{\"lat\":40.3795843,\"lng\":-3.6099492}},{\"id\":12120,\"name\":\"XEFI Madrid Ventas\",\"distance\":\"\",\"currentHours\":[],\"isOpen\":false,\"street\":\"Calle del Ap\\u00f3stol Santiago 3\",\"postalcode\":\"28017\",\"city\":\"Madrid\",\"phones\":[\"+34 910 312 421\",\"910 312 421\"],\"url\":\"https:\\\/\\\/espagne.dev-xefi.manitoba-preprod.fr\\\/fr\\\/agence\\\/xefi-madrid-ventas\\\/\",\"latLng\":{\"lat\":40.4249046,\"lng\":-3.6541921}},{\"id\":12259,\"name\":\"XEFI Pozuelo\",\"distance\":\"\",\"currentHours\":[],\"isOpen\":false,\"street\":\"Calle de las Flores 9\",\"postalcode\":\"28223\",\"city\":\"Pozuelo de Alarc\\u00f3n\",\"phones\":[\"+34 913 513 677\",\"+34 913 513 677\"],\"url\":\"https:\\\/\\\/espagne.dev-xefi.manitoba-preprod.fr\\\/fr\\\/agence\\\/xefi-pozuelo\\\/\",\"latLng\":{\"lat\":40.4358671,\"lng\":-3.81393763}},{\"id\":12108,\"name\":\"XEFI Sabadell\",\"distance\":\"\",\"currentHours\":[],\"isOpen\":false,\"street\":\"Carrer del Pintor Fortuny 66\",\"postalcode\":\"08210\",\"city\":\"Barber\\u00e0 del Vall\\u00e8s\",\"phones\":[\"+34 937 190 145\",\"937 190 145\"],\"url\":\"https:\\\/\\\/espagne.dev-xefi.manitoba-preprod.fr\\\/fr\\\/agence\\\/xefi-sabadell\\\/\",\"latLng\":{\"lat\":41.5170824,\"lng\":2.120743}},{\"id\":12117,\"name\":\"XEFI Salamanca\",\"distance\":\"\",\"currentHours\":[],\"isOpen\":false,\"street\":\"Avenida de Par\\u00eds 4\",\"postalcode\":\"37004\",\"city\":\"Salamanca\",\"phones\":[\"+34 923 282 152\",\"923 282 152\"],\"url\":\"https:\\\/\\\/espagne.dev-xefi.manitoba-preprod.fr\\\/fr\\\/agence\\\/xefi-salamanca\\\/\",\"latLng\":{\"lat\":40.97280293,\"lng\":-5.64896826}},{\"id\":12256,\"name\":\"XEFI Sant Cugat del Valles\",\"distance\":\"\",\"currentHours\":[],\"isOpen\":false,\"street\":\"Avinguda de les Corts Catalanes 5-7\",\"postalcode\":\"08173\",\"city\":\"Sant Cugat del Valles\",\"phones\":[\"+34 937 102 450\",\"937 102 450\"],\"url\":\"https:\\\/\\\/espagne.dev-xefi.manitoba-preprod.fr\\\/fr\\\/agence\\\/xefi-sant-cugat-del-valles\\\/\",\"latLng\":{\"lat\":41.422729,\"lng\":2.2118214}},{\"id\":12111,\"name\":\"XEFI Villalba\",\"distance\":\"\",\"currentHours\":[],\"isOpen\":false,\"street\":\"Calle Playa Frexeira 4\\nLocal 6\",\"postalcode\":\"28400\",\"city\":\"Collado Villalba\",\"phones\":[\"+34 911 093 210\",\"911 093 210\"],\"url\":\"https:\\\/\\\/espagne.dev-xefi.manitoba-preprod.fr\\\/fr\\\/agence\\\/xefi-villalba\\\/\",\"latLng\":{\"lat\":40.62242859,\"lng\":-4.00960472}}];\n    <\/script>\n    <div class=\"manitoba-stores-map wp-block-manitoba-stores-stores-map\"        data-googlemaps-apikey=\"AIzaSyDsaYpxvzCYXCWrBnqT08gCH-zSx9JcPIo\"\n        data-default-latlng=\"46.6034,1.8883\"\n        data-default-zoom=\"6\"\n        data-marker-url=\"\/wp-content\/themes\/xefi-theme\/medias\/icon_marker.svg\"\n        data-active-marker-url=\"\/wp-content\/themes\/xefi-theme\/medias\/icon_active_marker.svg\"\n        data-countries=\"ES\">\n        <div class=\"map-container\">\n            <iframe loading=\"lazy\" class=\"map-frame\" width=\"100%\" height=\"600\" frameborder=\"0\" scrolling=\"no\" marginheight=\"0\" marginwidth=\"0\" src=\"https:\/\/maps.google.com\/maps?width=100%25&amp;height=600&amp;hl=en&amp;q=manitoba%20montrouge+(My%20Business%20Name)&amp;t=&amp;z=14&amp;ie=UTF8&amp;iwloc=B&amp;output=embed\"><\/iframe>\n        <\/div>\n    <\/div>\n<\/div>\n\n\n\n<div class=\"wp-block-group alignfull is-layout-constrained wp-container-core-group-is-layout-a47e864c wp-block-group-is-layout-constrained\" style=\"padding-top:var(--wp--preset--spacing--80);padding-right:var(--wp--preset--spacing--50);padding-bottom:var(--wp--preset--spacing--80);padding-left:var(--wp--preset--spacing--50)\">\n<h2 class=\"wp-block-heading has-text-align-center\" style=\"margin-bottom:var(--wp--preset--spacing--80)\">retrouvez <mark class=\"has-inline-color has-primary-color\">toutes nos agences<\/mark> par r\u00e9gions<\/h2>\n\n\n\n<div class=\"wp-block-columns is-layout-flex wp-container-core-columns-is-layout-643ced6b wp-block-columns-is-layout-flex\">\n<div class=\"wp-block-column is-layout-flow wp-block-column-is-layout-flow\" style=\"flex-basis:33.33%\">\n<div class=\"wp-block-group has-light-background-color has-background is-layout-constrained wp-container-core-group-is-layout-ae744a23 wp-block-group-is-layout-constrained\" style=\"padding-top:var(--wp--preset--spacing--70);padding-right:var(--wp--preset--spacing--70);padding-bottom:var(--wp--preset--spacing--70);padding-left:var(--wp--preset--spacing--70)\">\n<p><strong>Nos agences de proximit\u00e9 XEFI sont pr\u00e9sentes partout en France pour \u00eatre au plus pr\u00e8s de vous.<\/strong> <\/p>\n\n\n\n<p>S\u00e9lectionnez votre r\u00e9gion pour d\u00e9couvrir nos agences locales, leurs coordonn\u00e9es et horaires d\u2019ouverture.&nbsp;<\/p>\n<\/div>\n<\/div>\n\n\n\n<div class=\"wp-block-column is-layout-flow wp-block-column-is-layout-flow\" style=\"flex-basis:66.66%\">    <div class=\"manitoba-stores-list wp-block-manitoba-stores-stores-list\">\n                    <div class=\"stores-country\">\n                                                                            <section class=\"region\">\n                            <div class=\"region-stores\">\n                                <ul class=\"stores\">\n                                                                            <li class=\"stores-item\">\n                                            <a href=\"https:\/\/espagne.dev-xefi.manitoba-preprod.fr\/fr\/agence\/xefi-barcelona-ciutadella\/\" class=\"store\">XEFI Barcelona Ciutadella<\/a>\n                                        <\/li>\n                                                                            <li class=\"stores-item\">\n                                            <a href=\"https:\/\/espagne.dev-xefi.manitoba-preprod.fr\/fr\/agence\/xefi-leganes\/\" class=\"store\">XEFI Leganes<\/a>\n                                        <\/li>\n                                                                            <li class=\"stores-item\">\n                                            <a href=\"https:\/\/espagne.dev-xefi.manitoba-preprod.fr\/fr\/agence\/xefi-madrid-simancas\/\" class=\"store\">XEFI Madrid Simancas<\/a>\n                                        <\/li>\n                                                                            <li class=\"stores-item\">\n                                            <a href=\"https:\/\/espagne.dev-xefi.manitoba-preprod.fr\/fr\/agence\/xefi-vallecas\/\" class=\"store\">XEFI Madrid Vallecas<\/a>\n                                        <\/li>\n                                                                            <li class=\"stores-item\">\n                                            <a href=\"https:\/\/espagne.dev-xefi.manitoba-preprod.fr\/fr\/agence\/xefi-madrid-ventas\/\" class=\"store\">XEFI Madrid Ventas<\/a>\n                                        <\/li>\n                                                                            <li class=\"stores-item\">\n                                            <a href=\"https:\/\/espagne.dev-xefi.manitoba-preprod.fr\/fr\/agence\/xefi-pozuelo\/\" class=\"store\">XEFI Pozuelo<\/a>\n                                        <\/li>\n                                                                            <li class=\"stores-item\">\n                                            <a href=\"https:\/\/espagne.dev-xefi.manitoba-preprod.fr\/fr\/agence\/xefi-sabadell\/\" class=\"store\">XEFI Sabadell<\/a>\n                                        <\/li>\n                                                                            <li class=\"stores-item\">\n                                            <a href=\"https:\/\/espagne.dev-xefi.manitoba-preprod.fr\/fr\/agence\/xefi-salamanca\/\" class=\"store\">XEFI Salamanca<\/a>\n                                        <\/li>\n                                                                            <li class=\"stores-item\">\n                                            <a href=\"https:\/\/espagne.dev-xefi.manitoba-preprod.fr\/fr\/agence\/xefi-sant-cugat-del-valles\/\" class=\"store\">XEFI Sant Cugat del Valles<\/a>\n                                        <\/li>\n                                                                            <li class=\"stores-item\">\n                                            <a href=\"https:\/\/espagne.dev-xefi.manitoba-preprod.fr\/fr\/agence\/xefi-villalba\/\" class=\"store\">XEFI Villalba<\/a>\n                                        <\/li>\n                                                                    <\/ul>\n                            <\/div>\n                        <\/section>\n                                                <\/div>\n            <\/div>\n<\/div>\n<\/div>\n<\/div>\n\n\n\n<div class=\"wp-block-group alignfull has-light-background-color has-background is-layout-constrained wp-container-core-group-is-layout-a47e864c wp-block-group-is-layout-constrained\" style=\"padding-top:var(--wp--preset--spacing--80);padding-right:var(--wp--preset--spacing--50);padding-bottom:var(--wp--preset--spacing--80);padding-left:var(--wp--preset--spacing--50)\">\n<h2 class=\"wp-block-heading has-text-align-center\" style=\"margin-bottom:var(--wp--preset--spacing--80)\">Pourquoi choisir <mark class=\"has-inline-color has-primary-color\">XEFI ?<\/mark><\/h2>\n\n\n\n<div class=\"wp-block-columns is-layout-flex wp-container-core-columns-is-layout-f5a44f5b wp-block-columns-is-layout-flex\">\n<div class=\"wp-block-column is-vertically-aligned-top is-layout-flow wp-block-column-is-layout-flow\">\n<figure class=\"wp-block-image aligncenter size-full\" style=\"margin-bottom:var(--wp--preset--spacing--50)\"><img decoding=\"async\" src=\"https:\/\/france.dev-xefi.manitoba-preprod.fr\/wp-content\/uploads\/sites\/2\/2025\/05\/icon_proximite.svg\" alt=\"\" class=\"wp-image-431\"\/><\/figure>\n\n\n\n<p class=\"has-text-align-center has-custom-medium-font-size\"><strong>Proximit\u00e9<\/strong><\/p>\n\n\n\n<p class=\"has-text-align-center\">10 agences en France&nbsp;: des guichets uniques&nbsp;situ\u00e9s \u00e0 moins de 30 minutes de nos clients.<\/p>\n<\/div>\n\n\n\n<div class=\"wp-block-column is-layout-flow wp-block-column-is-layout-flow\">\n<figure class=\"wp-block-image aligncenter size-full\" style=\"margin-bottom:var(--wp--preset--spacing--50)\"><img decoding=\"async\" src=\"https:\/\/france.dev-xefi.manitoba-preprod.fr\/wp-content\/uploads\/sites\/2\/2025\/05\/icon_expertise.svg\" alt=\"\" class=\"wp-image-429\"\/><\/figure>\n\n\n\n<p class=\"has-text-align-center has-custom-medium-font-size\"><strong>Expertise<\/strong><\/p>\n\n\n\n<p class=\"has-text-align-center\">Une \u00e9quipe d\u2019experts et des services et solutions informatiques d\u00e9di\u00e9s aux TPE\/PME.<\/p>\n<\/div>\n\n\n\n<div class=\"wp-block-column is-layout-flow wp-block-column-is-layout-flow\">\n<figure class=\"wp-block-image aligncenter size-full\" style=\"margin-bottom:var(--wp--preset--spacing--50)\"><img decoding=\"async\" src=\"https:\/\/france.dev-xefi.manitoba-preprod.fr\/wp-content\/uploads\/sites\/2\/2025\/05\/icon_transparence.svg\" alt=\"\" class=\"wp-image-435\"\/><\/figure>\n\n\n\n<p class=\"has-text-align-center has-custom-medium-font-size\"><strong>Transparence<\/strong><\/p>\n\n\n\n<p class=\"has-text-align-center\">Des solutions \u00ab cl\u00e9s en mains \u00bb et sans co\u00fbts cach\u00e9s pour une transparence totale envers nos clients.<\/p>\n<\/div>\n\n\n\n<div class=\"wp-block-column is-layout-flow wp-block-column-is-layout-flow\">\n<figure class=\"wp-block-image aligncenter size-full\" style=\"margin-bottom:var(--wp--preset--spacing--50)\"><img decoding=\"async\" src=\"https:\/\/france.dev-xefi.manitoba-preprod.fr\/wp-content\/uploads\/sites\/2\/2025\/05\/icon_serenite.svg\" alt=\"\" class=\"wp-image-433\"\/><\/figure>\n\n\n\n<p class=\"has-text-align-center has-custom-medium-font-size\"><strong>S\u00e9r\u00e9nit\u00e9<\/strong><\/p>\n\n\n\n<p class=\"has-text-align-center\">Un partenaire de confiance qui pilote votre syst\u00e8me informatique et assure la bonne marche de votre entreprise.<\/p>\n<\/div>\n<\/div>\n<\/div>\n","protected":false},"excerpt":{"rendered":"<p>votre agence xefi de proximit\u00e9 Trouvez rapidement l\u2019agence XEFI la plus proche de vous en cliquant sur le bouton de localisation ou en entrant votre code postal ou votre ville ! retrouvez toutes nos agences par r\u00e9gions Nos agences de proximit\u00e9 XEFI sont pr\u00e9sentes partout en France pour \u00eatre au plus pr\u00e8s de vous. S\u00e9lectionnez [&hellip;]<\/p>\n","protected":false},"author":1,"featured_media":10321,"parent":0,"menu_order":57,"comment_status":"closed","ping_status":"closed","template":"","meta":{"_acf_changed":false,"footnotes":""},"class_list":["post-149","page","type-page","status-publish","has-post-thumbnail","hentry"],"acf":[],"yoast_head":"<!-- This site is optimized with the Yoast SEO plugin v25.2 - https:\/\/yoast.com\/wordpress\/plugins\/seo\/ -->\n<title>Trouver votre agence XEFI - XEFI Espagne<\/title>\n<meta name=\"robots\" content=\"noindex, follow, max-snippet:-1, max-image-preview:large, max-video-preview:-1\" \/>\n<meta property=\"og:locale\" content=\"fr_FR\" \/>\n<meta property=\"og:type\" content=\"article\" \/>\n<meta property=\"og:title\" content=\"Trouver votre agence XEFI - XEFI Espagne\" \/>\n<meta property=\"og:description\" content=\"votre agence xefi de proximit\u00e9 Trouvez rapidement l\u2019agence XEFI la plus proche de vous en cliquant sur le bouton de localisation ou en entrant votre code postal ou votre ville ! retrouvez toutes nos agences par r\u00e9gions Nos agences de proximit\u00e9 XEFI sont pr\u00e9sentes partout en France pour \u00eatre au plus pr\u00e8s de vous. S\u00e9lectionnez [&hellip;]\" \/>\n<meta property=\"og:url\" content=\"https:\/\/espagne.dev-xefi.manitoba-preprod.fr\/fr\/trouver-votre-agence-xefi\/\" \/>\n<meta property=\"og:site_name\" content=\"XEFI Espagne\" \/>\n<meta property=\"article:modified_time\" content=\"2025-08-08T09:23:58+00:00\" \/>\n<meta property=\"og:image\" content=\"https:\/\/espagne.dev-xefi.manitoba-preprod.fr\/wp-content\/uploads\/sites\/9\/2025\/07\/trouver-votre-agence-xefi-partenaire-informatique-tpe-pme-vf-4-1024x639.png\" \/>\n\t<meta property=\"og:image:width\" content=\"1024\" \/>\n\t<meta property=\"og:image:height\" content=\"639\" \/>\n\t<meta property=\"og:image:type\" content=\"image\/png\" \/>\n<meta name=\"twitter:card\" content=\"summary_large_image\" \/>\n<meta name=\"twitter:label1\" content=\"Dur\u00e9e de lecture estim\u00e9e\" \/>\n\t<meta name=\"twitter:data1\" content=\"2 minutes\" \/>\n<script type=\"application\/ld+json\" class=\"yoast-schema-graph\">{\"@context\":\"https:\/\/schema.org\",\"@graph\":[{\"@type\":\"WebPage\",\"@id\":\"https:\/\/espagne.dev-xefi.manitoba-preprod.fr\/fr\/trouver-votre-agence-xefi\/\",\"url\":\"https:\/\/espagne.dev-xefi.manitoba-preprod.fr\/fr\/trouver-votre-agence-xefi\/\",\"name\":\"Trouver votre agence XEFI - XEFI Espagne\",\"isPartOf\":{\"@id\":\"https:\/\/espagne.dev-xefi.manitoba-preprod.fr\/fr\/#website\"},\"primaryImageOfPage\":{\"@id\":\"https:\/\/espagne.dev-xefi.manitoba-preprod.fr\/fr\/trouver-votre-agence-xefi\/#primaryimage\"},\"image\":{\"@id\":\"https:\/\/espagne.dev-xefi.manitoba-preprod.fr\/fr\/trouver-votre-agence-xefi\/#primaryimage\"},\"thumbnailUrl\":\"https:\/\/espagne.dev-xefi.manitoba-preprod.fr\/wp-content\/uploads\/sites\/9\/2025\/07\/trouver-votre-agence-xefi-partenaire-informatique-tpe-pme-vf-4-scaled.png\",\"datePublished\":\"2025-05-05T09:21:41+00:00\",\"dateModified\":\"2025-08-08T09:23:58+00:00\",\"breadcrumb\":{\"@id\":\"https:\/\/espagne.dev-xefi.manitoba-preprod.fr\/fr\/trouver-votre-agence-xefi\/#breadcrumb\"},\"inLanguage\":\"fr-FR\",\"potentialAction\":[{\"@type\":\"ReadAction\",\"target\":[\"https:\/\/espagne.dev-xefi.manitoba-preprod.fr\/fr\/trouver-votre-agence-xefi\/\"]}]},{\"@type\":\"ImageObject\",\"inLanguage\":\"fr-FR\",\"@id\":\"https:\/\/espagne.dev-xefi.manitoba-preprod.fr\/fr\/trouver-votre-agence-xefi\/#primaryimage\",\"url\":\"https:\/\/espagne.dev-xefi.manitoba-preprod.fr\/wp-content\/uploads\/sites\/9\/2025\/07\/trouver-votre-agence-xefi-partenaire-informatique-tpe-pme-vf-4-scaled.png\",\"contentUrl\":\"https:\/\/espagne.dev-xefi.manitoba-preprod.fr\/wp-content\/uploads\/sites\/9\/2025\/07\/trouver-votre-agence-xefi-partenaire-informatique-tpe-pme-vf-4-scaled.png\",\"width\":2560,\"height\":1597},{\"@type\":\"BreadcrumbList\",\"@id\":\"https:\/\/espagne.dev-xefi.manitoba-preprod.fr\/fr\/trouver-votre-agence-xefi\/#breadcrumb\",\"itemListElement\":[{\"@type\":\"ListItem\",\"position\":1,\"name\":\"Accueil\",\"item\":\"https:\/\/espagne.dev-xefi.manitoba-preprod.fr\/fr\/\"},{\"@type\":\"ListItem\",\"position\":2,\"name\":\"Trouver votre agence XEFI\"}]},{\"@type\":\"WebSite\",\"@id\":\"https:\/\/espagne.dev-xefi.manitoba-preprod.fr\/fr\/#website\",\"url\":\"https:\/\/espagne.dev-xefi.manitoba-preprod.fr\/fr\/\",\"name\":\"XEFI Espagne\",\"description\":\"XEFI, PARTENAIRE INFORMATIQUE DE PROXIMIT\u00c9 DES TPE\/PME\",\"potentialAction\":[{\"@type\":\"SearchAction\",\"target\":{\"@type\":\"EntryPoint\",\"urlTemplate\":\"https:\/\/espagne.dev-xefi.manitoba-preprod.fr\/fr\/?s={search_term_string}\"},\"query-input\":{\"@type\":\"PropertyValueSpecification\",\"valueRequired\":true,\"valueName\":\"search_term_string\"}}],\"inLanguage\":\"fr-FR\"}]}<\/script>\n<!-- \/ Yoast SEO plugin. -->","yoast_head_json":{"title":"Trouver votre agence XEFI - XEFI Espagne","robots":{"index":"noindex","follow":"follow","max-snippet":"max-snippet:-1","max-image-preview":"max-image-preview:large","max-video-preview":"max-video-preview:-1"},"og_locale":"fr_FR","og_type":"article","og_title":"Trouver votre agence XEFI - XEFI Espagne","og_description":"votre agence xefi de proximit\u00e9 Trouvez rapidement l\u2019agence XEFI la plus proche de vous en cliquant sur le bouton de localisation ou en entrant votre code postal ou votre ville ! retrouvez toutes nos agences par r\u00e9gions Nos agences de proximit\u00e9 XEFI sont pr\u00e9sentes partout en France pour \u00eatre au plus pr\u00e8s de vous. S\u00e9lectionnez [&hellip;]","og_url":"https:\/\/espagne.dev-xefi.manitoba-preprod.fr\/fr\/trouver-votre-agence-xefi\/","og_site_name":"XEFI Espagne","article_modified_time":"2025-08-08T09:23:58+00:00","og_image":[{"width":1024,"height":639,"url":"https:\/\/espagne.dev-xefi.manitoba-preprod.fr\/wp-content\/uploads\/sites\/9\/2025\/07\/trouver-votre-agence-xefi-partenaire-informatique-tpe-pme-vf-4-1024x639.png","type":"image\/png"}],"twitter_card":"summary_large_image","twitter_misc":{"Dur\u00e9e de lecture estim\u00e9e":"2 minutes"},"schema":{"@context":"https:\/\/schema.org","@graph":[{"@type":"WebPage","@id":"https:\/\/espagne.dev-xefi.manitoba-preprod.fr\/fr\/trouver-votre-agence-xefi\/","url":"https:\/\/espagne.dev-xefi.manitoba-preprod.fr\/fr\/trouver-votre-agence-xefi\/","name":"Trouver votre agence XEFI - XEFI Espagne","isPartOf":{"@id":"https:\/\/espagne.dev-xefi.manitoba-preprod.fr\/fr\/#website"},"primaryImageOfPage":{"@id":"https:\/\/espagne.dev-xefi.manitoba-preprod.fr\/fr\/trouver-votre-agence-xefi\/#primaryimage"},"image":{"@id":"https:\/\/espagne.dev-xefi.manitoba-preprod.fr\/fr\/trouver-votre-agence-xefi\/#primaryimage"},"thumbnailUrl":"https:\/\/espagne.dev-xefi.manitoba-preprod.fr\/wp-content\/uploads\/sites\/9\/2025\/07\/trouver-votre-agence-xefi-partenaire-informatique-tpe-pme-vf-4-scaled.png","datePublished":"2025-05-05T09:21:41+00:00","dateModified":"2025-08-08T09:23:58+00:00","breadcrumb":{"@id":"https:\/\/espagne.dev-xefi.manitoba-preprod.fr\/fr\/trouver-votre-agence-xefi\/#breadcrumb"},"inLanguage":"fr-FR","potentialAction":[{"@type":"ReadAction","target":["https:\/\/espagne.dev-xefi.manitoba-preprod.fr\/fr\/trouver-votre-agence-xefi\/"]}]},{"@type":"ImageObject","inLanguage":"fr-FR","@id":"https:\/\/espagne.dev-xefi.manitoba-preprod.fr\/fr\/trouver-votre-agence-xefi\/#primaryimage","url":"https:\/\/espagne.dev-xefi.manitoba-preprod.fr\/wp-content\/uploads\/sites\/9\/2025\/07\/trouver-votre-agence-xefi-partenaire-informatique-tpe-pme-vf-4-scaled.png","contentUrl":"https:\/\/espagne.dev-xefi.manitoba-preprod.fr\/wp-content\/uploads\/sites\/9\/2025\/07\/trouver-votre-agence-xefi-partenaire-informatique-tpe-pme-vf-4-scaled.png","width":2560,"height":1597},{"@type":"BreadcrumbList","@id":"https:\/\/espagne.dev-xefi.manitoba-preprod.fr\/fr\/trouver-votre-agence-xefi\/#breadcrumb","itemListElement":[{"@type":"ListItem","position":1,"name":"Accueil","item":"https:\/\/espagne.dev-xefi.manitoba-preprod.fr\/fr\/"},{"@type":"ListItem","position":2,"name":"Trouver votre agence XEFI"}]},{"@type":"WebSite","@id":"https:\/\/espagne.dev-xefi.manitoba-preprod.fr\/fr\/#website","url":"https:\/\/espagne.dev-xefi.manitoba-preprod.fr\/fr\/","name":"XEFI Espagne","description":"XEFI, PARTENAIRE INFORMATIQUE DE PROXIMIT\u00c9 DES TPE\/PME","potentialAction":[{"@type":"SearchAction","target":{"@type":"EntryPoint","urlTemplate":"https:\/\/espagne.dev-xefi.manitoba-preprod.fr\/fr\/?s={search_term_string}"},"query-input":{"@type":"PropertyValueSpecification","valueRequired":true,"valueName":"search_term_string"}}],"inLanguage":"fr-FR"}]}},"_links":{"self":[{"href":"https:\/\/espagne.dev-xefi.manitoba-preprod.fr\/fr\/wp-json\/wp\/v2\/pages\/149","targetHints":{"allow":["GET"]}}],"collection":[{"href":"https:\/\/espagne.dev-xefi.manitoba-preprod.fr\/fr\/wp-json\/wp\/v2\/pages"}],"about":[{"href":"https:\/\/espagne.dev-xefi.manitoba-preprod.fr\/fr\/wp-json\/wp\/v2\/types\/page"}],"author":[{"embeddable":true,"href":"https:\/\/espagne.dev-xefi.manitoba-preprod.fr\/fr\/wp-json\/wp\/v2\/users\/1"}],"replies":[{"embeddable":true,"href":"https:\/\/espagne.dev-xefi.manitoba-preprod.fr\/fr\/wp-json\/wp\/v2\/comments?post=149"}],"version-history":[{"count":0,"href":"https:\/\/espagne.dev-xefi.manitoba-preprod.fr\/fr\/wp-json\/wp\/v2\/pages\/149\/revisions"}],"wp:featuredmedia":[{"embeddable":true,"href":"https:\/\/espagne.dev-xefi.manitoba-preprod.fr\/fr\/wp-json\/wp\/v2\/media\/10321"}],"wp:attachment":[{"href":"https:\/\/espagne.dev-xefi.manitoba-preprod.fr\/fr\/wp-json\/wp\/v2\/media?parent=149"}],"curies":[{"name":"wp","href":"https:\/\/api.w.org\/{rel}","templated":true}]}}